{"id":2762,"date":"2026-03-22T13:20:32","date_gmt":"2026-03-22T17:20:32","guid":{"rendered":"https:\/\/asichostingcanada.com\/?page_id=2762"},"modified":"2026-04-10T15:33:47","modified_gmt":"2026-04-10T19:33:47","slug":"privacy-policy","status":"publish","type":"page","link":"https:\/\/asichostingcanada.com\/fr\/privacy-policy\/","title":{"rendered":"Politique de confidentialit\u00e9"},"content":{"rendered":"<div data-elementor-type=\"wp-page\" data-elementor-id=\"2762\" class=\"elementor elementor-2762\">\n\t\t\t\t\t\t<section class=\"elementor-section elementor-top-section elementor-element elementor-element-4fbb7bc elementor-section-stretched elementor-section-height-min-height elementor-section-boxed elementor-section-height-default elementor-section-items-middle\" data-id=\"4fbb7bc\" data-element_type=\"section\" data-e-type=\"section\" data-settings=\"{&quot;stretch_section&quot;:&quot;section-stretched&quot;,&quot;background_background&quot;:&quot;classic&quot;}\">\n\t\t\t\t\t\t\t<div class=\"elementor-background-overlay\"><\/div>\n\t\t\t\t\t\t\t<div class=\"elementor-container elementor-column-gap-default\">\n\t\t\t\t\t<div class=\"elementor-column elementor-col-100 elementor-top-column elementor-element elementor-element-4b9f7b9\" data-id=\"4b9f7b9\" data-element_type=\"column\" data-e-type=\"column\">\n\t\t\t<div class=\"elementor-widget-wrap elementor-element-populated\">\n\t\t\t\t\t\t<div class=\"elementor-element elementor-element-4db9963 elementor-widget elementor-widget-heading\" data-id=\"4db9963\" data-element_type=\"widget\" data-e-type=\"widget\" data-widget_type=\"heading.default\">\n\t\t\t\t<div class=\"elementor-widget-container\">\n\t\t\t\t\t<h1 class=\"elementor-heading-title elementor-size-default\">Politique de confidentialit\u00e9<\/h1>\t\t\t\t<\/div>\n\t\t\t\t<\/div>\n\t\t\t\t<div class=\"elementor-element elementor-element-a80b125 elementor-widget elementor-widget-heading\" data-id=\"a80b125\" data-element_type=\"widget\" data-e-type=\"widget\" data-widget_type=\"heading.default\">\n\t\t\t\t<div class=\"elementor-widget-container\">\n\t\t\t\t\t<p class=\"elementor-heading-title elementor-size-default\">ASIC Hosting Canada s'engage \u00e0 prot\u00e9ger vos renseignements personnels.\n\nLa pr\u00e9sente politique de confidentialit\u00e9 explique comment nous recueillons, utilisons, divulguons et prot\u00e9geons vos renseignements personnels conform\u00e9ment aux lois applicables en mati\u00e8re de protection de la vie priv\u00e9e au Qu\u00e9bec, notamment la Loi 25 (Loi visant \u00e0 moderniser les dispositions l\u00e9gislatives en mati\u00e8re de protection des renseignements personnels).\n\nCette politique s'applique au site web : https:\/\/asichostingcanada.com\/.\n\nTraduit avec DeepL.com (version gratuite)<\/p>\t\t\t\t<\/div>\n\t\t\t\t<\/div>\n\t\t\t\t<div class=\"elementor-element elementor-element-b327831 elementor-widget elementor-widget-heading\" data-id=\"b327831\" data-element_type=\"widget\" data-e-type=\"widget\" data-widget_type=\"heading.default\">\n\t\t\t\t<div class=\"elementor-widget-container\">\n\t\t\t\t\t<p class=\"elementor-heading-title elementor-size-default\">Derni\u00e8re mise \u00e0 jour : 2026-03-22<\/p>\t\t\t\t<\/div>\n\t\t\t\t<\/div>\n\t\t\t\t\t<\/div>\n\t\t<\/div>\n\t\t\t\t\t<\/div>\n\t\t<\/section>\n\t\t\t\t<section class=\"elementor-section elementor-top-section elementor-element elementor-element-3988190 elementor-section-boxed elementor-section-height-default elementor-section-height-default\" data-id=\"3988190\" data-element_type=\"section\" data-e-type=\"section\">\n\t\t\t\t\t\t<div class=\"elementor-container elementor-column-gap-default\">\n\t\t\t\t\t<div class=\"elementor-column elementor-col-100 elementor-top-column elementor-element elementor-element-d6a33ef\" data-id=\"d6a33ef\" data-element_type=\"column\" data-e-type=\"column\">\n\t\t\t<div class=\"elementor-widget-wrap elementor-element-populated\">\n\t\t\t\t\t\t<div class=\"elementor-element elementor-element-e10586d elementor-widget elementor-widget-heading\" data-id=\"e10586d\" data-element_type=\"widget\" data-e-type=\"widget\" data-widget_type=\"heading.default\">\n\t\t\t\t<div class=\"elementor-widget-container\">\n\t\t\t\t\t<h2 class=\"elementor-heading-title elementor-size-default\">1. Les donn\u00e9es personnelles que nous collectons<\/h2>\t\t\t\t<\/div>\n\t\t\t\t<\/div>\n\t\t\t\t<div class=\"elementor-element elementor-element-4442a9e elementor-widget elementor-widget-text-editor\" data-id=\"4442a9e\" data-element_type=\"widget\" data-e-type=\"widget\" data-widget_type=\"text-editor.default\">\n\t\t\t\t<div class=\"elementor-widget-container\">\n\t\t\t\t\t\t\t\t\t<p>Nous ne recueillons que les informations personnelles que vous nous fournissez volontairement via notre formulaire de contact, \u00e0 savoir :<\/p>\n<ul>\n<li>Nom<\/li>\n<li>Courriel<\/li>\n<li>Message (toutes les informations que vous incluez)<\/li><\/ul>\t\t\t\t\t\t\t\t<\/div>\n\t\t\t\t<\/div>\n\t\t\t\t<div class=\"elementor-element elementor-element-179fd51 elementor-widget elementor-widget-heading\" data-id=\"179fd51\" data-element_type=\"widget\" data-e-type=\"widget\" data-widget_type=\"heading.default\">\n\t\t\t\t<div class=\"elementor-widget-container\">\n\t\t\t\t\t<h2 class=\"elementor-heading-title elementor-size-default\">2. Utilisation des donn\u00e9es collect\u00e9es<\/h2>\t\t\t\t<\/div>\n\t\t\t\t<\/div>\n\t\t\t\t<div class=\"elementor-element elementor-element-12fc6ea elementor-widget elementor-widget-text-editor\" data-id=\"12fc6ea\" data-element_type=\"widget\" data-e-type=\"widget\" data-widget_type=\"text-editor.default\">\n\t\t\t\t<div class=\"elementor-widget-container\">\n\t\t\t\t\t\t\t\t\t<p>Your personal information is collected solely for the following purposes:<\/p><ul><li>To respond to your inquiries<\/li><li>To communicate with you regarding our cryptocurrency mining hosting services<\/li><li>To provide commercial or technical follow-up<\/li><\/ul>\t\t\t\t\t\t\t\t<\/div>\n\t\t\t\t<\/div>\n\t\t\t\t<div class=\"elementor-element elementor-element-fc3a2e2 elementor-widget elementor-widget-heading\" data-id=\"fc3a2e2\" data-element_type=\"widget\" data-e-type=\"widget\" data-widget_type=\"heading.default\">\n\t\t\t\t<div class=\"elementor-widget-container\">\n\t\t\t\t\t<h2 class=\"elementor-heading-title elementor-size-default\">3. Consent<\/h2>\t\t\t\t<\/div>\n\t\t\t\t<\/div>\n\t\t\t\t<div class=\"elementor-element elementor-element-ed45107 elementor-widget elementor-widget-text-editor\" data-id=\"ed45107\" data-element_type=\"widget\" data-e-type=\"widget\" data-widget_type=\"text-editor.default\">\n\t\t\t\t<div class=\"elementor-widget-container\">\n\t\t\t\t\t\t\t\t\t<p>By completing and submitting the contact form, you consent to the collection and use of your personal information in accordance with this Privacy Policy.<\/p><p>You may withdraw your consent at any time by contacting us (see Section 9).<\/p>\t\t\t\t\t\t\t\t<\/div>\n\t\t\t\t<\/div>\n\t\t\t\t<div class=\"elementor-element elementor-element-87407a9 elementor-widget elementor-widget-heading\" data-id=\"87407a9\" data-element_type=\"widget\" data-e-type=\"widget\" data-widget_type=\"heading.default\">\n\t\t\t\t<div class=\"elementor-widget-container\">\n\t\t\t\t\t<h2 class=\"elementor-heading-title elementor-size-default\">4. Disclosure of Personal Information<\/h2>\t\t\t\t<\/div>\n\t\t\t\t<\/div>\n\t\t\t\t<div class=\"elementor-element elementor-element-aa32a6c elementor-widget elementor-widget-text-editor\" data-id=\"aa32a6c\" data-element_type=\"widget\" data-e-type=\"widget\" data-widget_type=\"text-editor.default\">\n\t\t\t\t<div class=\"elementor-widget-container\">\n\t\t\t\t\t\t\t\t\t<p>Nous ne vendons ni ne louons vos donn\u00e9es personnelles.<\/p><p>Nous pourrions divulguer vos donn\u00e9es personnelles que dans les cas suivants :<\/p><ul><li>Aux prestataires de services technologiques (par exemple, h\u00e9bergeurs de sites web, fournisseurs de messagerie \u00e9lectronique) lorsque cela s'av\u00e8re n\u00e9cessaire<\/li><li>Lorsque la loi, une d\u00e9cision de justice ou une autorit\u00e9 comp\u00e9tente l'exige<\/li><\/ul><p>Si les prestataires de services sont situ\u00e9s \u00e0 l'ext\u00e9rieur du Qu\u00e9bec ou du Canada, nous prenons des mesures raisonnables pour garantir que vos renseignements personnels b\u00e9n\u00e9ficient d'une protection ad\u00e9quate.<\/p>\t\t\t\t\t\t\t\t<\/div>\n\t\t\t\t<\/div>\n\t\t\t\t<div class=\"elementor-element elementor-element-f2f8c79 elementor-widget elementor-widget-heading\" data-id=\"f2f8c79\" data-element_type=\"widget\" data-e-type=\"widget\" data-widget_type=\"heading.default\">\n\t\t\t\t<div class=\"elementor-widget-container\">\n\t\t\t\t\t<h2 class=\"elementor-heading-title elementor-size-default\">5. Conservation des donn\u00e9es personnelles<\/h2>\t\t\t\t<\/div>\n\t\t\t\t<\/div>\n\t\t\t\t<div class=\"elementor-element elementor-element-3137aaf elementor-widget elementor-widget-text-editor\" data-id=\"3137aaf\" data-element_type=\"widget\" data-e-type=\"widget\" data-widget_type=\"text-editor.default\">\n\t\t\t\t<div class=\"elementor-widget-container\">\n\t\t\t\t\t\t\t\t\tNous ne conservons vos donn\u00e9es personnelles que pendant la dur\u00e9e n\u00e9cessaire pour r\u00e9pondre \u00e0 votre demande ou pour nous conformer \u00e0 nos obligations l\u00e9gales.\t\t\t\t\t\t\t\t<\/div>\n\t\t\t\t<\/div>\n\t\t\t\t<div class=\"elementor-element elementor-element-7c6983c elementor-widget elementor-widget-heading\" data-id=\"7c6983c\" data-element_type=\"widget\" data-e-type=\"widget\" data-widget_type=\"heading.default\">\n\t\t\t\t<div class=\"elementor-widget-container\">\n\t\t\t\t\t<h2 class=\"elementor-heading-title elementor-size-default\">6. Mesures de s\u00e9curit\u00e9<\/h2>\t\t\t\t<\/div>\n\t\t\t\t<\/div>\n\t\t\t\t<div class=\"elementor-element elementor-element-ee5ff30 elementor-widget elementor-widget-text-editor\" data-id=\"ee5ff30\" data-element_type=\"widget\" data-e-type=\"widget\" data-widget_type=\"text-editor.default\">\n\t\t\t\t<div class=\"elementor-widget-container\">\n\t\t\t\t\t\t\t\t\t<p>Nous mettons en place des mesures de s\u00e9curit\u00e9 administratives, techniques et physiques raisonnables afin de prot\u00e9ger vos donn\u00e9es personnelles contre :<\/p><ul><li>L'acc\u00e8s non-autoris\u00e9<\/li><li>La perte<\/li><li>Le vol<\/li><li>La divulgation<\/li><li>La modification<\/li><\/ul><p>Ces mesures comprennent un h\u00e9bergement s\u00e9curis\u00e9, un acc\u00e8s restreint et les meilleures pratiques de l'industrie.<\/p>\t\t\t\t\t\t\t\t<\/div>\n\t\t\t\t<\/div>\n\t\t\t\t<div class=\"elementor-element elementor-element-efa8c0e elementor-widget elementor-widget-heading\" data-id=\"efa8c0e\" data-element_type=\"widget\" data-e-type=\"widget\" data-widget_type=\"heading.default\">\n\t\t\t\t<div class=\"elementor-widget-container\">\n\t\t\t\t\t<h2 class=\"elementor-heading-title elementor-size-default\">7. Cookies<\/h2>\t\t\t\t<\/div>\n\t\t\t\t<\/div>\n\t\t\t\t<div class=\"elementor-element elementor-element-c17094e elementor-widget elementor-widget-text-editor\" data-id=\"c17094e\" data-element_type=\"widget\" data-e-type=\"widget\" data-widget_type=\"text-editor.default\">\n\t\t\t\t<div class=\"elementor-widget-container\">\n\t\t\t\t\t\t\t\t\t<p>Le site web peut utiliser des cookies techniques indispensables \u00e0 son bon fonctionnement.<\/p><p>Nous n'utilisons pas de cookies de profilage ou publicitaires sans votre consentement.<\/p>\t\t\t\t\t\t\t\t<\/div>\n\t\t\t\t<\/div>\n\t\t\t\t<div class=\"elementor-element elementor-element-07e2e8c elementor-widget elementor-widget-heading\" data-id=\"07e2e8c\" data-element_type=\"widget\" data-e-type=\"widget\" data-widget_type=\"heading.default\">\n\t\t\t\t<div class=\"elementor-widget-container\">\n\t\t\t\t\t<h2 class=\"elementor-heading-title elementor-size-default\">Vos droits<\/h2>\t\t\t\t<\/div>\n\t\t\t\t<\/div>\n\t\t\t\t<div class=\"elementor-element elementor-element-4b379f1 elementor-widget elementor-widget-text-editor\" data-id=\"4b379f1\" data-element_type=\"widget\" data-e-type=\"widget\" data-widget_type=\"text-editor.default\">\n\t\t\t\t<div class=\"elementor-widget-container\">\n\t\t\t\t\t\t\t\t\t<p>En vertu de la l\u00e9gislation qu\u00e9b\u00e9coise applicable en mati\u00e8re de protection de la vie priv\u00e9e, vous disposez des droits suivants :<\/p><ul><li>Le droit d'acc\u00e8s \u00e0 vos donn\u00e9es personnelles<\/li><li>Le droit de demander la correction de ces donn\u00e9es<\/li><li>Le droit de retirer votre consentement \u00e0 l'utilisation de vos donn\u00e9es<\/li><li>Right to request deletion of your personal information<\/li><\/ul><p>Pour exercer vos droits, veuillez nous contacter (voir la section 9).<\/p>\t\t\t\t\t\t\t\t<\/div>\n\t\t\t\t<\/div>\n\t\t\t\t<div class=\"elementor-element elementor-element-7805ed2 elementor-widget elementor-widget-heading\" data-id=\"7805ed2\" data-element_type=\"widget\" data-e-type=\"widget\" data-widget_type=\"heading.default\">\n\t\t\t\t<div class=\"elementor-widget-container\">\n\t\t\t\t\t<h2 class=\"elementor-heading-title elementor-size-default\">9. Responsable de la protection des donn\u00e9es personnelles<\/h2>\t\t\t\t<\/div>\n\t\t\t\t<\/div>\n\t\t\t\t<div class=\"elementor-element elementor-element-5b6ecac elementor-widget elementor-widget-text-editor\" data-id=\"5b6ecac\" data-element_type=\"widget\" data-e-type=\"widget\" data-widget_type=\"text-editor.default\">\n\t\t\t\t<div class=\"elementor-widget-container\">\n\t\t\t\t\t\t\t\t\t<p>Pour toute question, demande ou r\u00e9clamation concernant la protection de vos donn\u00e9es personnelles, vous pouvez contacter :<\/p><p>Andrew Charron<br \/>ASIC Hosting Canada<br \/><a href=\"mailto:andrew-charron@asichostingcanada.com\">andrew-charron@asichostingcanada.com<\/a><\/p>\t\t\t\t\t\t\t\t<\/div>\n\t\t\t\t<\/div>\n\t\t\t\t<div class=\"elementor-element elementor-element-851d126 elementor-widget elementor-widget-heading\" data-id=\"851d126\" data-element_type=\"widget\" data-e-type=\"widget\" data-widget_type=\"heading.default\">\n\t\t\t\t<div class=\"elementor-widget-container\">\n\t\t\t\t\t<h2 class=\"elementor-heading-title elementor-size-default\">10. Changements \u00e0 cette politique<\/h2>\t\t\t\t<\/div>\n\t\t\t\t<\/div>\n\t\t\t\t<div class=\"elementor-element elementor-element-32bb087 elementor-widget elementor-widget-text-editor\" data-id=\"32bb087\" data-element_type=\"widget\" data-e-type=\"widget\" data-widget_type=\"text-editor.default\">\n\t\t\t\t<div class=\"elementor-widget-container\">\n\t\t\t\t\t\t\t\t\tNous pouvons mettre \u00e0 jour la pr\u00e9sente politique de confidentialit\u00e9 \u00e0 tout moment.\nLa version la plus r\u00e9cente sera toujours disponible sur notre site web, avec la date de mise \u00e0 jour indiqu\u00e9e.\t\t\t\t\t\t\t\t<\/div>\n\t\t\t\t<\/div>\n\t\t\t\t\t<\/div>\n\t\t<\/div>\n\t\t\t\t\t<\/div>\n\t\t<\/section>\n\t\t\t\t<\/div>","protected":false},"excerpt":{"rendered":"<p>Privacy Policy ASIC Hosting Canada is committed to protecting your personal information. This Privacy Policy explains how we collect, use, disclose, and safeguard your personal information in accordance with applicable privacy laws in Qu\u00e9bec, including Law 25 (An Act to modernize legislative provisions as regards the protection of personal information). This policy applies to the [&hellip;]<\/p>\n","protected":false},"author":5,"featured_media":0,"parent":0,"menu_order":0,"comment_status":"closed","ping_status":"closed","template":"elementor_header_footer","meta":{"footnotes":""},"class_list":["post-2762","page","type-page","status-publish","hentry"],"_links":{"self":[{"href":"https:\/\/asichostingcanada.com\/fr\/wp-json\/wp\/v2\/pages\/2762","targetHints":{"allow":["GET"]}}],"collection":[{"href":"https:\/\/asichostingcanada.com\/fr\/wp-json\/wp\/v2\/pages"}],"about":[{"href":"https:\/\/asichostingcanada.com\/fr\/wp-json\/wp\/v2\/types\/page"}],"author":[{"embeddable":true,"href":"https:\/\/asichostingcanada.com\/fr\/wp-json\/wp\/v2\/users\/5"}],"replies":[{"embeddable":true,"href":"https:\/\/asichostingcanada.com\/fr\/wp-json\/wp\/v2\/comments?post=2762"}],"version-history":[{"count":64,"href":"https:\/\/asichostingcanada.com\/fr\/wp-json\/wp\/v2\/pages\/2762\/revisions"}],"predecessor-version":[{"id":3078,"href":"https:\/\/asichostingcanada.com\/fr\/wp-json\/wp\/v2\/pages\/2762\/revisions\/3078"}],"wp:attachment":[{"href":"https:\/\/asichostingcanada.com\/fr\/wp-json\/wp\/v2\/media?parent=2762"}],"curies":[{"name":"wp","href":"https:\/\/api.w.org\/{rel}","templated":true}]}}